{"id":20,"date":"2025-06-23T21:19:43","date_gmt":"2025-06-23T19:19:43","guid":{"rendered":"https:\/\/vilmax.pl\/?page_id=20"},"modified":"2025-08-14T11:43:35","modified_gmt":"2025-08-14T09:43:35","slug":"realizacje","status":"publish","type":"page","link":"https:\/\/vilmax.pl\/en\/realizacje\/","title":{"rendered":"Realizacje"},"content":{"rendered":"<div data-elementor-type=\"wp-page\" data-elementor-id=\"20\" class=\"elementor elementor-20\" data-elementor-post-type=\"page\">\n\t\t\t\t<div class=\"elementor-element elementor-element-8c51f8f e-flex e-con-boxed e-con e-parent\" data-id=\"8c51f8f\" data-element_type=\"container\">\n\t\t\t\t\t<div class=\"e-con-inner\">\n\t\t\t\t<div class=\"elementor-element elementor-element-8728185 elementor-widget elementor-widget-shortcode\" data-id=\"8728185\" data-element_type=\"widget\" data-widget_type=\"shortcode.default\">\n\t\t\t\t<div class=\"elementor-widget-container\">\n\t\t\t\t\t\t\t<div class=\"elementor-shortcode\"><style type=\"text\/css\">\n\t#foogallery-gallery-1523 .fg-image {\n        width: 450px;\n    }\n<\/style>\n\t\t\t\t<div class=\"foogallery foogallery-container foogallery-default foogallery-lightbox-foogallery fg-gutter-10 fg-center fg-m-col1 fg-default fg-light fg-shadow-outline fg-loading-dots fg-loaded-fly fg-hover-scale fg-caption-hover fg-hover-fade fg-ready\" id=\"foogallery-gallery-1523\" data-foogallery=\"{&quot;item&quot;:{&quot;showCaptionTitle&quot;:true,&quot;showCaptionDescription&quot;:true},&quot;lazy&quot;:true}\" data-foogallery-lightbox=\"{&quot;thumbs&quot;:&quot;bottom&quot;,&quot;thumbsCaptions&quot;:false,&quot;thumbsBestFit&quot;:false,&quot;thumbsSmall&quot;:false,&quot;thumbsCaptionsAlign&quot;:&quot;default&quot;,&quot;info&quot;:&quot;bottom&quot;,&quot;infoVisible&quot;:true,&quot;infoOverlay&quot;:true,&quot;infoAlign&quot;:&quot;default&quot;,&quot;transition&quot;:&quot;fade&quot;,&quot;hoverButtons&quot;:false,&quot;fitMedia&quot;:false,&quot;noScrollbars&quot;:true,&quot;preserveButtonSpace&quot;:true,&quot;buttons&quot;:{&quot;fullscreen&quot;:true,&quot;info&quot;:true,&quot;thumbs&quot;:false},&quot;video&quot;:{&quot;autoPlay&quot;:true}}\" >\n\t<div class=\"fg-item fg-type-image fg-idle\"><figure class=\"fg-item-inner\"><a href=\"https:\/\/vilmax.pl\/wp-content\/uploads\/2025\/08\/518290737_1280441373874620_3948705026885318673_n.jpg\" data-attachment-id=\"1499\" data-e-disable-page-transition=\"true\" data-type=\"image\" class=\"fg-thumb\"><span class=\"fg-image-wrap\"><img fetchpriority=\"high\" decoding=\"async\" width=\"450\" height=\"450\" class=\"skip-lazy fg-image\" data-no-lazy=\"1\" data-src-fg=\"https:\/\/vilmax.pl\/wp-content\/uploads\/cache\/2025\/08\/518290737_1280441373874620_3948705026885318673_n\/3867129956.jpg\" data-srcset-fg=\"https:\/\/vilmax.pl\/wp-content\/uploads\/cache\/2025\/08\/518290737_1280441373874620_3948705026885318673_n\/4024003966.jpg 2x\" src=\"data:image\/svg+xml,%3Csvg%20xmlns%3D%22http%3A%2F%2Fwww.w3.org%2F2000%2Fsvg%22%20width%3D%22450%22%20height%3D%22450%22%20viewBox%3D%220%200%20450%20450%22%3E%3C%2Fsvg%3E\" loading=\"eager\"><\/span><span class=\"fg-image-overlay\"><\/span><\/a><figcaption class=\"fg-caption\"><div class=\"fg-caption-inner\"><\/div><\/figcaption><\/figure><div class=\"fg-loader\"><\/div><\/div><div class=\"fg-item fg-type-image fg-idle\"><figure class=\"fg-item-inner\"><a href=\"https:\/\/vilmax.pl\/wp-content\/uploads\/2025\/08\/502621265_1249298356988922_5187536605833857173_n.jpg\" data-attachment-id=\"1498\" data-e-disable-page-transition=\"true\" data-type=\"image\" class=\"fg-thumb\"><span class=\"fg-image-wrap\"><img decoding=\"async\" width=\"450\" height=\"450\" class=\"skip-lazy fg-image\" data-no-lazy=\"1\" data-src-fg=\"https:\/\/vilmax.pl\/wp-content\/uploads\/cache\/2025\/08\/502621265_1249298356988922_5187536605833857173_n\/2552361845.jpg\" data-srcset-fg=\"https:\/\/vilmax.pl\/wp-content\/uploads\/cache\/2025\/08\/502621265_1249298356988922_5187536605833857173_n\/2441553519.jpg 2x\" src=\"data:image\/svg+xml,%3Csvg%20xmlns%3D%22http%3A%2F%2Fwww.w3.org%2F2000%2Fsvg%22%20width%3D%22450%22%20height%3D%22450%22%20viewBox%3D%220%200%20450%20450%22%3E%3C%2Fsvg%3E\" loading=\"eager\"><\/span><span class=\"fg-image-overlay\"><\/span><\/a><figcaption class=\"fg-caption\"><div class=\"fg-caption-inner\"><\/div><\/figcaption><\/figure><div class=\"fg-loader\"><\/div><\/div><div class=\"fg-item fg-type-image fg-idle\"><figure class=\"fg-item-inner\"><a href=\"https:\/\/vilmax.pl\/wp-content\/uploads\/2025\/08\/490064430_1209789777606447_2689081083916158459_n.jpg\" data-attachment-id=\"1497\" data-e-disable-page-transition=\"true\" data-type=\"image\" class=\"fg-thumb\"><span class=\"fg-image-wrap\"><img decoding=\"async\" width=\"450\" height=\"450\" class=\"skip-lazy fg-image\" data-no-lazy=\"1\" data-src-fg=\"https:\/\/vilmax.pl\/wp-content\/uploads\/cache\/2025\/08\/490064430_1209789777606447_2689081083916158459_n\/3141025888.jpg\" data-srcset-fg=\"https:\/\/vilmax.pl\/wp-content\/uploads\/cache\/2025\/08\/490064430_1209789777606447_2689081083916158459_n\/2996737402.jpg 2x\" src=\"data:image\/svg+xml,%3Csvg%20xmlns%3D%22http%3A%2F%2Fwww.w3.org%2F2000%2Fsvg%22%20width%3D%22450%22%20height%3D%22450%22%20viewBox%3D%220%200%20450%20450%22%3E%3C%2Fsvg%3E\" loading=\"eager\"><\/span><span class=\"fg-image-overlay\"><\/span><\/a><figcaption class=\"fg-caption\"><div class=\"fg-caption-inner\"><\/div><\/figcaption><\/figure><div class=\"fg-loader\"><\/div><\/div><div class=\"fg-item fg-type-image fg-idle\"><figure class=\"fg-item-inner\"><a href=\"https:\/\/vilmax.pl\/wp-content\/uploads\/2025\/08\/488908611_1205053014746790_6536639618217715548_n.jpg\" data-attachment-id=\"1496\" data-e-disable-page-transition=\"true\" data-type=\"image\" class=\"fg-thumb\"><span class=\"fg-image-wrap\"><img decoding=\"async\" width=\"450\" height=\"450\" class=\"skip-lazy fg-image\" data-no-lazy=\"1\" data-src-fg=\"https:\/\/vilmax.pl\/wp-content\/uploads\/cache\/2025\/08\/488908611_1205053014746790_6536639618217715548_n\/2351101811.jpg\" data-srcset-fg=\"https:\/\/vilmax.pl\/wp-content\/uploads\/cache\/2025\/08\/488908611_1205053014746790_6536639618217715548_n\/2240029289.jpg 2x\" src=\"data:image\/svg+xml,%3Csvg%20xmlns%3D%22http%3A%2F%2Fwww.w3.org%2F2000%2Fsvg%22%20width%3D%22450%22%20height%3D%22450%22%20viewBox%3D%220%200%20450%20450%22%3E%3C%2Fsvg%3E\" loading=\"eager\"><\/span><span class=\"fg-image-overlay\"><\/span><\/a><figcaption class=\"fg-caption\"><div class=\"fg-caption-inner\"><\/div><\/figcaption><\/figure><div class=\"fg-loader\"><\/div><\/div><div class=\"fg-item fg-type-image fg-idle\"><figure class=\"fg-item-inner\"><a href=\"https:\/\/vilmax.pl\/wp-content\/uploads\/2025\/08\/488680038_1205054891413269_4984130154222673670_n.jpg\" data-attachment-id=\"1495\" data-e-disable-page-transition=\"true\" data-type=\"image\" class=\"fg-thumb\"><span class=\"fg-image-wrap\"><img decoding=\"async\" width=\"450\" height=\"450\" class=\"skip-lazy fg-image\" data-no-lazy=\"1\" data-src-fg=\"https:\/\/vilmax.pl\/wp-content\/uploads\/cache\/2025\/08\/488680038_1205054891413269_4984130154222673670_n\/553777329.jpg\" data-srcset-fg=\"https:\/\/vilmax.pl\/wp-content\/uploads\/cache\/2025\/08\/488680038_1205054891413269_4984130154222673670_n\/682044843.jpg 2x\" src=\"data:image\/svg+xml,%3Csvg%20xmlns%3D%22http%3A%2F%2Fwww.w3.org%2F2000%2Fsvg%22%20width%3D%22450%22%20height%3D%22450%22%20viewBox%3D%220%200%20450%20450%22%3E%3C%2Fsvg%3E\" loading=\"eager\"><\/span><span class=\"fg-image-overlay\"><\/span><\/a><figcaption class=\"fg-caption\"><div class=\"fg-caption-inner\"><\/div><\/figcaption><\/figure><div class=\"fg-loader\"><\/div><\/div><div class=\"fg-item fg-type-image fg-idle\"><figure class=\"fg-item-inner\"><a href=\"https:\/\/vilmax.pl\/wp-content\/uploads\/2025\/08\/485769171_1194092062509552_6448410202671721097_n.jpg\" data-attachment-id=\"1494\" data-e-disable-page-transition=\"true\" data-type=\"image\" class=\"fg-thumb\"><span class=\"fg-image-wrap\"><img decoding=\"async\" width=\"450\" height=\"450\" class=\"skip-lazy fg-image\" data-no-lazy=\"1\" data-src-fg=\"https:\/\/vilmax.pl\/wp-content\/uploads\/cache\/2025\/08\/485769171_1194092062509552_6448410202671721097_n\/1915336140.jpg\" data-srcset-fg=\"https:\/\/vilmax.pl\/wp-content\/uploads\/cache\/2025\/08\/485769171_1194092062509552_6448410202671721097_n\/2072994006.jpg 2x\" src=\"data:image\/svg+xml,%3Csvg%20xmlns%3D%22http%3A%2F%2Fwww.w3.org%2F2000%2Fsvg%22%20width%3D%22450%22%20height%3D%22450%22%20viewBox%3D%220%200%20450%20450%22%3E%3C%2Fsvg%3E\" loading=\"eager\"><\/span><span class=\"fg-image-overlay\"><\/span><\/a><figcaption class=\"fg-caption\"><div class=\"fg-caption-inner\"><\/div><\/figcaption><\/figure><div class=\"fg-loader\"><\/div><\/div><div class=\"fg-item fg-type-image fg-idle\"><figure class=\"fg-item-inner\"><a href=\"https:\/\/vilmax.pl\/wp-content\/uploads\/2025\/08\/484931965_1191260726126019_8877842620417419041_n.jpg\" data-attachment-id=\"1493\" data-e-disable-page-transition=\"true\" data-type=\"image\" class=\"fg-thumb\"><span class=\"fg-image-wrap\"><img decoding=\"async\" width=\"450\" height=\"450\" class=\"skip-lazy fg-image\" data-no-lazy=\"1\" data-src-fg=\"https:\/\/vilmax.pl\/wp-content\/uploads\/cache\/2025\/08\/484931965_1191260726126019_8877842620417419041_n\/623008622.jpg\" data-srcset-fg=\"https:\/\/vilmax.pl\/wp-content\/uploads\/cache\/2025\/08\/484931965_1191260726126019_8877842620417419041_n\/746884724.jpg 2x\" src=\"data:image\/svg+xml,%3Csvg%20xmlns%3D%22http%3A%2F%2Fwww.w3.org%2F2000%2Fsvg%22%20width%3D%22450%22%20height%3D%22450%22%20viewBox%3D%220%200%20450%20450%22%3E%3C%2Fsvg%3E\" loading=\"eager\"><\/span><span class=\"fg-image-overlay\"><\/span><\/a><figcaption class=\"fg-caption\"><div class=\"fg-caption-inner\"><\/div><\/figcaption><\/figure><div class=\"fg-loader\"><\/div><\/div><div class=\"fg-item fg-type-image fg-idle\"><figure class=\"fg-item-inner\"><a href=\"https:\/\/vilmax.pl\/wp-content\/uploads\/2025\/08\/484515265_1187441579841267_7954513598668406526_n.jpg\" data-attachment-id=\"1492\" data-e-disable-page-transition=\"true\" data-type=\"image\" class=\"fg-thumb\"><span class=\"fg-image-wrap\"><img decoding=\"async\" width=\"450\" height=\"450\" class=\"skip-lazy fg-image\" data-no-lazy=\"1\" data-src-fg=\"https:\/\/vilmax.pl\/wp-content\/uploads\/cache\/2025\/08\/484515265_1187441579841267_7954513598668406526_n\/2966600842.jpg\" data-srcset-fg=\"https:\/\/vilmax.pl\/wp-content\/uploads\/cache\/2025\/08\/484515265_1187441579841267_7954513598668406526_n\/3111414160.jpg 2x\" src=\"data:image\/svg+xml,%3Csvg%20xmlns%3D%22http%3A%2F%2Fwww.w3.org%2F2000%2Fsvg%22%20width%3D%22450%22%20height%3D%22450%22%20viewBox%3D%220%200%20450%20450%22%3E%3C%2Fsvg%3E\" loading=\"eager\"><\/span><span class=\"fg-image-overlay\"><\/span><\/a><figcaption class=\"fg-caption\"><div class=\"fg-caption-inner\"><\/div><\/figcaption><\/figure><div class=\"fg-loader\"><\/div><\/div><div class=\"fg-item fg-type-image fg-idle\"><figure class=\"fg-item-inner\"><a href=\"https:\/\/vilmax.pl\/wp-content\/uploads\/2025\/08\/484234269_1186694329915992_5037245558733429665_n.jpg\" data-attachment-id=\"1491\" data-e-disable-page-transition=\"true\" data-type=\"image\" class=\"fg-thumb\"><span class=\"fg-image-wrap\"><img decoding=\"async\" width=\"450\" height=\"450\" class=\"skip-lazy fg-image\" data-no-lazy=\"1\" data-src-fg=\"https:\/\/vilmax.pl\/wp-content\/uploads\/cache\/2025\/08\/484234269_1186694329915992_5037245558733429665_n\/2768582251.jpg\" data-srcset-fg=\"https:\/\/vilmax.pl\/wp-content\/uploads\/cache\/2025\/08\/484234269_1186694329915992_5037245558733429665_n\/2896421745.jpg 2x\" src=\"data:image\/svg+xml,%3Csvg%20xmlns%3D%22http%3A%2F%2Fwww.w3.org%2F2000%2Fsvg%22%20width%3D%22450%22%20height%3D%22450%22%20viewBox%3D%220%200%20450%20450%22%3E%3C%2Fsvg%3E\" loading=\"eager\"><\/span><span class=\"fg-image-overlay\"><\/span><\/a><figcaption class=\"fg-caption\"><div class=\"fg-caption-inner\"><\/div><\/figcaption><\/figure><div class=\"fg-loader\"><\/div><\/div><\/div>\n<\/div>\n\t\t\t\t\t\t<\/div>\n\t\t\t\t<\/div>\n\t\t\t\t\t<\/div>\n\t\t\t\t<\/div>\n\t\t\t\t<\/div>","protected":false},"excerpt":{"rendered":"","protected":false},"author":1,"featured_media":0,"parent":0,"menu_order":0,"comment_status":"closed","ping_status":"closed","template":"","meta":{"_acf_changed":false,"inline_featured_image":false,"footnotes":""},"class_list":["post-20","page","type-page","status-publish","hentry"],"acf":[],"yoast_head":"<!-- This site is optimized with the Yoast SEO Premium plugin v24.5 (Yoast SEO v24.5) - https:\/\/yoast.com\/wordpress\/plugins\/seo\/ -->\n<title>Realizacje Vilmax \u2013 meble tapicerowane z pasj\u0105 i precyzj\u0105<\/title>\n<meta name=\"description\" content=\"Vilmax \u2013 zobacz nasze realizacje: nowoczesne meble tapicerowane i ogrodowe tworzone z pasj\u0105, precyzj\u0105 i rzemie\u015blnicz\u0105 dba\u0142o\u015bci\u0105 o detale.\" \/>\n<meta name=\"robots\" content=\"index, follow, max-snippet:-1, max-image-preview:large, max-video-preview:-1\" \/>\n<link rel=\"canonical\" href=\"https:\/\/vilmax.pl\/en\/realizacje\/\" \/>\n<meta property=\"og:locale\" content=\"en_US\" \/>\n<meta property=\"og:type\" content=\"article\" \/>\n<meta property=\"og:title\" content=\"Realizacje\" \/>\n<meta property=\"og:description\" content=\"Vilmax \u2013 zobacz nasze realizacje: nowoczesne meble tapicerowane i ogrodowe tworzone z pasj\u0105, precyzj\u0105 i rzemie\u015blnicz\u0105 dba\u0142o\u015bci\u0105 o detale.\" \/>\n<meta property=\"og:url\" content=\"https:\/\/vilmax.pl\/en\/realizacje\/\" \/>\n<meta property=\"og:site_name\" content=\"Vilmax\" \/>\n<meta property=\"article:modified_time\" content=\"2025-08-14T09:43:35+00:00\" \/>\n<meta name=\"twitter:card\" content=\"summary_large_image\" \/>\n<!-- \/ Yoast SEO Premium plugin. -->","yoast_head_json":{"title":"Realizacje Vilmax \u2013 meble tapicerowane z pasj\u0105 i precyzj\u0105","description":"Vilmax \u2013 zobacz nasze realizacje: nowoczesne meble tapicerowane i ogrodowe tworzone z pasj\u0105, precyzj\u0105 i rzemie\u015blnicz\u0105 dba\u0142o\u015bci\u0105 o detale.","robots":{"index":"index","follow":"follow","max-snippet":"max-snippet:-1","max-image-preview":"max-image-preview:large","max-video-preview":"max-video-preview:-1"},"canonical":"https:\/\/vilmax.pl\/en\/realizacje\/","og_locale":"en_US","og_type":"article","og_title":"Realizacje","og_description":"Vilmax \u2013 zobacz nasze realizacje: nowoczesne meble tapicerowane i ogrodowe tworzone z pasj\u0105, precyzj\u0105 i rzemie\u015blnicz\u0105 dba\u0142o\u015bci\u0105 o detale.","og_url":"https:\/\/vilmax.pl\/en\/realizacje\/","og_site_name":"Vilmax","article_modified_time":"2025-08-14T09:43:35+00:00","twitter_card":"summary_large_image","schema":{"@context":"https:\/\/schema.org","@graph":[{"@type":"WebPage","@id":"https:\/\/vilmax.pl\/realizacje\/","url":"https:\/\/vilmax.pl\/realizacje\/","name":"Realizacje Vilmax \u2013 meble tapicerowane z pasj\u0105 i precyzj\u0105","isPartOf":{"@id":"http:\/\/vilmax.pl\/#website"},"datePublished":"2025-06-23T19:19:43+00:00","dateModified":"2025-08-14T09:43:35+00:00","description":"Vilmax \u2013 zobacz nasze realizacje: nowoczesne meble tapicerowane i ogrodowe tworzone z pasj\u0105, precyzj\u0105 i rzemie\u015blnicz\u0105 dba\u0142o\u015bci\u0105 o detale.","breadcrumb":{"@id":"https:\/\/vilmax.pl\/realizacje\/#breadcrumb"},"inLanguage":"en-US","potentialAction":[{"@type":"ReadAction","target":["https:\/\/vilmax.pl\/realizacje\/"]}]},{"@type":"BreadcrumbList","@id":"https:\/\/vilmax.pl\/realizacje\/#breadcrumb","itemListElement":[{"@type":"ListItem","position":1,"name":"Home","item":"https:\/\/vilmax.pl\/"},{"@type":"ListItem","position":2,"name":"Realizacje"}]},{"@type":"WebSite","@id":"http:\/\/vilmax.pl\/#website","url":"http:\/\/vilmax.pl\/","name":"Vilmax","description":"","publisher":{"@id":"http:\/\/vilmax.pl\/#organization"},"potentialAction":[{"@type":"SearchAction","target":{"@type":"EntryPoint","urlTemplate":"http:\/\/vilmax.pl\/?s={search_term_string}"},"query-input":{"@type":"PropertyValueSpecification","valueRequired":true,"valueName":"search_term_string"}}],"inLanguage":"en-US"},{"@type":"Organization","@id":"http:\/\/vilmax.pl\/#organization","name":"Vilmax","url":"http:\/\/vilmax.pl\/","logo":{"@type":"ImageObject","inLanguage":"en-US","@id":"http:\/\/vilmax.pl\/#\/schema\/logo\/image\/","url":"https:\/\/vilmax.pl\/wp-content\/uploads\/2025\/06\/Warstwa_x0020_1.svg","contentUrl":"https:\/\/vilmax.pl\/wp-content\/uploads\/2025\/06\/Warstwa_x0020_1.svg","width":300,"height":82,"caption":"Vilmax"},"image":{"@id":"http:\/\/vilmax.pl\/#\/schema\/logo\/image\/"}}]}},"_links":{"self":[{"href":"https:\/\/vilmax.pl\/en\/wp-json\/wp\/v2\/pages\/20","targetHints":{"allow":["GET"]}}],"collection":[{"href":"https:\/\/vilmax.pl\/en\/wp-json\/wp\/v2\/pages"}],"about":[{"href":"https:\/\/vilmax.pl\/en\/wp-json\/wp\/v2\/types\/page"}],"author":[{"embeddable":true,"href":"https:\/\/vilmax.pl\/en\/wp-json\/wp\/v2\/users\/1"}],"replies":[{"embeddable":true,"href":"https:\/\/vilmax.pl\/en\/wp-json\/wp\/v2\/comments?post=20"}],"version-history":[{"count":0,"href":"https:\/\/vilmax.pl\/en\/wp-json\/wp\/v2\/pages\/20\/revisions"}],"wp:attachment":[{"href":"https:\/\/vilmax.pl\/en\/wp-json\/wp\/v2\/media?parent=20"}],"curies":[{"name":"wp","href":"https:\/\/api.w.org\/{rel}","templated":true}]}}