{"id":26,"date":"2025-06-23T21:20:08","date_gmt":"2025-06-23T19:20:08","guid":{"rendered":"https:\/\/vilmax.pl\/?page_id=26"},"modified":"2025-08-14T11:49:54","modified_gmt":"2025-08-14T09:49:54","slug":"kariera","status":"publish","type":"page","link":"http:\/\/vilmax.pl\/en\/kariera\/","title":{"rendered":"Kariera"},"content":{"rendered":"<div data-elementor-type=\"wp-page\" data-elementor-id=\"26\" class=\"elementor elementor-26\" data-elementor-post-type=\"page\">\n\t\t\t\t<div class=\"elementor-element elementor-element-4ad68403 e-flex e-con-boxed e-con e-parent\" data-id=\"4ad68403\" data-element_type=\"container\">\n\t\t\t\t\t<div class=\"e-con-inner\">\n\t\t<div class=\"elementor-element elementor-element-23eb009d e-con-full e-flex e-con e-child\" data-id=\"23eb009d\" data-element_type=\"container\">\n\t\t\t\t<div class=\"elementor-element elementor-element-4e60226d elementor-widget elementor-widget-heading\" data-id=\"4e60226d\" data-element_type=\"widget\" data-widget_type=\"heading.default\">\n\t\t\t\t<div class=\"elementor-widget-container\">\n\t\t\t\t\t<h1 class=\"elementor-heading-title elementor-size-default\">Kariera<\/h1>\t\t\t\t<\/div>\n\t\t\t\t<\/div>\n\t\t\t\t<\/div>\n\t\t\t\t\t<\/div>\n\t\t\t\t<\/div>\n\t\t<div class=\"elementor-element elementor-element-6878839 e-flex e-con-boxed e-con e-parent\" data-id=\"6878839\" data-element_type=\"container\" data-settings=\"{&quot;background_background&quot;:&quot;classic&quot;}\">\n\t\t\t\t\t<div class=\"e-con-inner\">\n\t\t<div class=\"elementor-element elementor-element-10feb8b e-con-full e-flex e-con e-child\" data-id=\"10feb8b\" data-element_type=\"container\" data-settings=\"{&quot;background_background&quot;:&quot;classic&quot;,&quot;position&quot;:&quot;absolute&quot;}\">\n\t\t\t\t<\/div>\n\t\t<div class=\"elementor-element elementor-element-0847a18 e-con-full e-flex e-con e-child\" data-id=\"0847a18\" data-element_type=\"container\">\n\t\t\t\t<div class=\"elementor-element elementor-element-61a611c elementor-widget elementor-widget-text-editor\" data-id=\"61a611c\" data-element_type=\"widget\" data-widget_type=\"text-editor.default\">\n\t\t\t\t<div class=\"elementor-widget-container\">\n\t\t\t\t\t\t\t\t\t<p>do\u0142\u0105cz do nas<\/p>\t\t\t\t\t\t\t\t<\/div>\n\t\t\t\t<\/div>\n\t\t\t\t<div class=\"elementor-element elementor-element-bcaf815 elementor-widget elementor-widget-heading\" data-id=\"bcaf815\" data-element_type=\"widget\" data-widget_type=\"heading.default\">\n\t\t\t\t<div class=\"elementor-widget-container\">\n\t\t\t\t\t<h2 class=\"elementor-heading-title elementor-size-default\">Oferty pracy<\/h2>\t\t\t\t<\/div>\n\t\t\t\t<\/div>\n\t\t\t\t<\/div>\n\t\t<div class=\"elementor-element elementor-element-247cf84 e-con-full e-flex e-con e-child\" data-id=\"247cf84\" data-element_type=\"container\">\n\t\t\t\t<div class=\"elementor-element elementor-element-43536b6 short-akordeon elementor-widget elementor-widget-shortcode\" data-id=\"43536b6\" data-element_type=\"widget\" data-widget_type=\"shortcode.default\">\n\t\t\t\t<div class=\"elementor-widget-container\">\n\t\t\t\t\t\t\t<div class=\"elementor-shortcode\"><div class=\"akordeon-oferty\"><div class=\"akordeon-item\"><div class=\"akordeon-header\"><span>Tapicer<\/span><img decoding=\"async\" src=\"\/wp-content\/uploads\/2025\/06\/Group-56.svg\" class=\"strzalka\"><\/div><div class=\"akordeon-content\"><div class=\"kontener\"><p><strong>Miejsce pracy:<\/strong> Trzcianka<\/p><p>Zatrudnimy tapicera \u2013  zakres obowi\u0105zk\u00f3w: tapicerowanie zgodnie z okre\u015blon\u0105 metodyk\u0105  r\u00f3\u017cnorodnego asortymentu, dba\u0142o\u015b\u0107 o jako\u015b\u0107 wykonywanych produkt\u00f3w,  efektywna realizacja zada\u0144\u2026<\/p><a href=\"mailto:biuro@vilmax.pl\" class=\"btn-aplikuj\">Aplikuj teraz<\/a><\/div><\/div><\/div><\/div><\/div>\n\t\t\t\t\t\t<\/div>\n\t\t\t\t<\/div>\n\t\t\t\t<\/div>\n\t\t\t\t\t<\/div>\n\t\t\t\t<\/div>\n\t\t<div class=\"elementor-element elementor-element-4d82b895 e-flex e-con-boxed e-con e-parent\" data-id=\"4d82b895\" data-element_type=\"container\">\n\t\t\t\t\t<div class=\"e-con-inner\">\n\t\t<div class=\"elementor-element elementor-element-4e7fc66e e-con-full e-flex e-con e-child\" data-id=\"4e7fc66e\" data-element_type=\"container\">\n\t\t<div class=\"elementor-element elementor-element-5d16c689 e-con-full e-flex e-con e-child\" data-id=\"5d16c689\" data-element_type=\"container\" data-settings=\"{&quot;background_background&quot;:&quot;classic&quot;}\">\n\t\t<div class=\"elementor-element elementor-element-8910454 e-con-full elementor-hidden-desktop elementor-hidden-laptop e-flex e-con e-child\" data-id=\"8910454\" data-element_type=\"container\" data-settings=\"{&quot;background_background&quot;:&quot;classic&quot;}\">\n\t\t\t\t<div class=\"elementor-element elementor-element-4ee59cbd elementor-widget elementor-widget-text-editor\" data-id=\"4ee59cbd\" data-element_type=\"widget\" data-widget_type=\"text-editor.default\">\n\t\t\t\t<div class=\"elementor-widget-container\">\n\t\t\t\t\t\t\t\t\t<p>poznaj nas<\/p>\t\t\t\t\t\t\t\t<\/div>\n\t\t\t\t<\/div>\n\t\t\t\t<\/div>\n\t\t\t\t<\/div>\n\t\t<div class=\"elementor-element elementor-element-250f68c9 e-con-full e-flex e-con e-child\" data-id=\"250f68c9\" data-element_type=\"container\" data-settings=\"{&quot;background_background&quot;:&quot;classic&quot;}\">\n\t\t<div class=\"elementor-element elementor-element-420653e1 e-con-full e-flex e-con e-child\" data-id=\"420653e1\" data-element_type=\"container\">\n\t\t\t\t<div class=\"elementor-element elementor-element-47ac350f elementor-widget elementor-widget-heading\" data-id=\"47ac350f\" data-element_type=\"widget\" data-widget_type=\"heading.default\">\n\t\t\t\t<div class=\"elementor-widget-container\">\n\t\t\t\t\t<span class=\"elementor-heading-title elementor-size-default\">Napisz do nas<\/span>\t\t\t\t<\/div>\n\t\t\t\t<\/div>\n\t\t\t\t<div class=\"elementor-element elementor-element-695873eb elementor-widget elementor-widget-text-editor\" data-id=\"695873eb\" data-element_type=\"widget\" data-widget_type=\"text-editor.default\">\n\t\t\t\t<div class=\"elementor-widget-container\">\n\t\t\t\t\t\t\t\t\t<p>Odpowiemy na ka\u017cde pytania<\/p>\t\t\t\t\t\t\t\t<\/div>\n\t\t\t\t<\/div>\n\t\t\t\t<\/div>\n\t\t<div class=\"elementor-element elementor-element-205a2f28 e-con-full main-form e-flex e-con e-child\" data-id=\"205a2f28\" data-element_type=\"container\">\n\t\t\t\t<div class=\"elementor-element elementor-element-120d3a25 elementor-widget elementor-widget-shortcode\" data-id=\"120d3a25\" data-element_type=\"widget\" data-widget_type=\"shortcode.default\">\n\t\t\t\t<div class=\"elementor-widget-container\">\n\t\t\t\t\t\t\t<div class=\"elementor-shortcode\"><div class=\"forminator-ui forminator-custom-form forminator-custom-form-789 forminator-design--material  forminator_ajax\" data-forminator-render=\"0\" data-form=\"forminator-module-789\" data-uid=\"69e35482ef956\"><br\/><\/div><form\n\t\t\t\tid=\"forminator-module-789\"\n\t\t\t\tclass=\"forminator-ui forminator-custom-form forminator-custom-form-789 forminator-design--material  forminator_ajax\"\n\t\t\t\tmethod=\"post\"\n\t\t\t\tdata-forminator-render=\"0\"\n\t\t\t\tdata-form-id=\"789\"\n\t\t\t\t\n\t\t\t\tdata-design=\"material\"\n\t\t\t\tdata-color-option=\"theme\"\n\t\t\t\t\n\t\t\t\t\n\t\t\t\t\n\t\t\t\tdata-grid=\"open\"\n\t\t\t\t\n\t\t\t\t\n\t\t\t\tstyle=\"display: none;\"\n\t\t\t\t\n\t\t\t\tdata-uid=\"69e35482ef956\" action=\"\"\n\t\t\t><div role=\"alert\" aria-live=\"polite\" class=\"forminator-response-message forminator-error\" aria-hidden=\"true\"><\/div><div class=\"forminator-row\"><div id=\"name-1\" class=\"forminator-field-name forminator-col forminator-col-12\"><div class=\"forminator-field\"><label for=\"forminator-field-name-1_69e35482ef956\" id=\"forminator-field-name-1_69e35482ef956-label\" class=\"forminator-label\">Imi\u0119 i nazwisko <span class=\"forminator-required\">*<\/span><\/label><input type=\"text\" name=\"name-1\" value=\"\" placeholder=\"\" id=\"forminator-field-name-1_69e35482ef956\" class=\"forminator-input forminator-name--field\" aria-required=\"true\" \/><\/div><\/div><\/div><div class=\"forminator-row\"><div id=\"phone-1\" class=\"forminator-field-phone forminator-col forminator-col-12\"><div class=\"forminator-field\"><label for=\"forminator-field-phone-1_69e35482ef956\" id=\"forminator-field-phone-1_69e35482ef956-label\" class=\"forminator-label\">Telefon<\/label><input type=\"text\" name=\"phone-1\" value=\"\" placeholder=\"\" id=\"forminator-field-phone-1_69e35482ef956\" class=\"forminator-input forminator-field--phone\" data-required=\"\" aria-required=\"false\" autocomplete=\"off\" \/><\/div><\/div><\/div><div class=\"forminator-row\"><div id=\"email-1\" class=\"forminator-field-email forminator-col forminator-col-12\"><div class=\"forminator-field\"><label for=\"forminator-field-email-1_69e35482ef956\" id=\"forminator-field-email-1_69e35482ef956-label\" class=\"forminator-label\">E-mail <span class=\"forminator-required\">*<\/span><\/label><input type=\"email\" name=\"email-1\" value=\"\" placeholder=\"\" id=\"forminator-field-email-1_69e35482ef956\" class=\"forminator-input forminator-email--field\" data-required=\"1\" aria-required=\"true\" \/><\/div><\/div><\/div><div class=\"forminator-row\"><div id=\"textarea-1\" class=\"forminator-field-textarea forminator-col forminator-col-12\"><div class=\"forminator-field\"><label for=\"forminator-field-textarea-1_69e35482ef956\" id=\"forminator-field-textarea-1_69e35482ef956-label\" class=\"forminator-label\">Wiadomo\u015b\u0107 <span class=\"forminator-required\">*<\/span><\/label><textarea name=\"textarea-1\" placeholder=\"\" id=\"forminator-field-textarea-1_69e35482ef956\" class=\"forminator-textarea\" rows=\"6\" style=\"min-height:140px;\" ><\/textarea><\/div><\/div><\/div><div class=\"forminator-row\"><div id=\"checkbox-1\" class=\"forminator-field-checkbox forminator-col forminator-col-12  zgoda\"><div role=\"group\" class=\"forminator-field required\" aria-labelledby=\"forminator-checkbox-group-forminator-field-checkbox-1-69e35482ef956-label\"><label id=\"forminator-field-checkbox-1-1-69e35482ef956-label\" for=\"forminator-field-checkbox-1-1-69e35482ef956\" class=\"forminator-checkbox forminator-checkbox-inline\" title=\"\"><input type=\"checkbox\" name=\"checkbox-1[]\" value=\"one\" id=\"forminator-field-checkbox-1-1-69e35482ef956\" aria-labelledby=\"forminator-field-checkbox-1-1-69e35482ef956-label\" data-calculation=\"0\"   data-hidden-behavior=\"zero\" aria-describedby=\"forminator-field-checkbox-1-69e35482ef956-description\"\/><span class=\"forminator-checkbox-box\" aria-hidden=\"true\"><\/span><span class=\"forminator-checkbox-label\"><\/span><\/label><span id=\"forminator-field-checkbox-1-69e35482ef956-description\" class=\"forminator-description\">Polityka prywatno\u015bci<\/span><\/div><\/div><\/div><div class=\"forminator-row\"><div id=\"captcha-1\" class=\"forminator-field-captcha forminator-col forminator-col-12\"><div class=\"forminator-captcha-left forminator-hcaptcha\" data-theme=\"light\"  data-sitekey=\"4d2693e0-32c4-45ba-af7a-c15c3180cdb4\" data-size=\"normal\"><\/div> <\/div><\/div><input type=\"hidden\" name=\"referer_url\" value=\"\" \/><div class=\"forminator-row forminator-row-last\"><div class=\"forminator-col\"><div class=\"forminator-field\"><button class=\"forminator-button forminator-button-submit\"><span>Wy\u015blij<\/span><span aria-hidden=\"true\"><\/span><\/button><\/div><\/div><\/div><input type=\"hidden\" id=\"forminator_nonce\" name=\"forminator_nonce\" value=\"4e682040c4\" \/><input type=\"hidden\" name=\"_wp_http_referer\" value=\"\/en\/wp-json\/wp\/v2\/pages\/26\" \/><input type=\"hidden\" name=\"form_id\" value=\"789\"><input type=\"hidden\" name=\"page_id\" value=\"26\"><input type=\"hidden\" name=\"form_type\" value=\"default\"><input type=\"hidden\" name=\"current_url\" value=\"http:\/\/vilmax.pl\/en\/kariera\/\"><input type=\"hidden\" name=\"render_id\" value=\"0\"><input type=\"hidden\" name=\"action\" value=\"forminator_submit_form_custom-forms\"><input type=\"hidden\" name=\"trp-form-language\" value=\"en\"\/><\/form><\/div>\n\t\t\t\t\t\t<\/div>\n\t\t\t\t<\/div>\n\t\t\t\t<\/div>\n\t\t\t\t<\/div>\n\t\t\t\t<\/div>\n\t\t\t\t\t<\/div>\n\t\t\t\t<\/div>\n\t\t\t\t<\/div>","protected":false},"excerpt":{"rendered":"<p>Kariera do\u0142\u0105cz do nas Oferty pracy poznaj nas Napisz do nas Odpowiemy na ka\u017cde pytania<\/p>","protected":false},"author":1,"featured_media":0,"parent":0,"menu_order":0,"comment_status":"closed","ping_status":"closed","template":"","meta":{"_acf_changed":false,"inline_featured_image":false,"footnotes":""},"class_list":["post-26","page","type-page","status-publish","hentry"],"acf":[],"yoast_head":"<!-- This site is optimized with the Yoast SEO Premium plugin v24.5 (Yoast SEO v24.5) - https:\/\/yoast.com\/wordpress\/plugins\/seo\/ -->\n<title>Kariera w Vilmax \u2013 do\u0142\u0105cz jako tapicer<\/title>\n<meta name=\"robots\" content=\"index, follow, max-snippet:-1, max-image-preview:large, max-video-preview:-1\" \/>\n<link rel=\"canonical\" href=\"https:\/\/vilmax.pl\/en\/kariera\/\" \/>\n<meta property=\"og:locale\" content=\"en_US\" \/>\n<meta property=\"og:type\" content=\"article\" \/>\n<meta property=\"og:title\" content=\"Kariera\" \/>\n<meta property=\"og:description\" content=\"Kariera do\u0142\u0105cz do nas Oferty pracy poznaj nas Napisz do nas Odpowiemy na ka\u017cde pytania\" \/>\n<meta property=\"og:url\" content=\"https:\/\/vilmax.pl\/en\/kariera\/\" \/>\n<meta property=\"og:site_name\" content=\"Vilmax\" \/>\n<meta property=\"article:modified_time\" content=\"2025-08-14T09:49:54+00:00\" \/>\n<meta name=\"twitter:card\" content=\"summary_large_image\" \/>\n<!-- \/ Yoast SEO Premium plugin. -->","yoast_head_json":{"title":"Kariera w Vilmax \u2013 do\u0142\u0105cz jako tapicer","robots":{"index":"index","follow":"follow","max-snippet":"max-snippet:-1","max-image-preview":"max-image-preview:large","max-video-preview":"max-video-preview:-1"},"canonical":"https:\/\/vilmax.pl\/en\/kariera\/","og_locale":"en_US","og_type":"article","og_title":"Kariera","og_description":"Kariera do\u0142\u0105cz do nas Oferty pracy poznaj nas Napisz do nas Odpowiemy na ka\u017cde pytania","og_url":"https:\/\/vilmax.pl\/en\/kariera\/","og_site_name":"Vilmax","article_modified_time":"2025-08-14T09:49:54+00:00","twitter_card":"summary_large_image","schema":{"@context":"https:\/\/schema.org","@graph":[{"@type":"WebPage","@id":"https:\/\/vilmax.pl\/kariera\/","url":"https:\/\/vilmax.pl\/kariera\/","name":"Kariera w Vilmax \u2013 do\u0142\u0105cz jako tapicer","isPartOf":{"@id":"http:\/\/vilmax.pl\/#website"},"datePublished":"2025-06-23T19:20:08+00:00","dateModified":"2025-08-14T09:49:54+00:00","breadcrumb":{"@id":"https:\/\/vilmax.pl\/kariera\/#breadcrumb"},"inLanguage":"en-US","potentialAction":[{"@type":"ReadAction","target":["https:\/\/vilmax.pl\/kariera\/"]}]},{"@type":"BreadcrumbList","@id":"https:\/\/vilmax.pl\/kariera\/#breadcrumb","itemListElement":[{"@type":"ListItem","position":1,"name":"Home","item":"https:\/\/vilmax.pl\/"},{"@type":"ListItem","position":2,"name":"Kariera"}]},{"@type":"WebSite","@id":"http:\/\/vilmax.pl\/#website","url":"http:\/\/vilmax.pl\/","name":"Vilmax","description":"","publisher":{"@id":"http:\/\/vilmax.pl\/#organization"},"potentialAction":[{"@type":"SearchAction","target":{"@type":"EntryPoint","urlTemplate":"http:\/\/vilmax.pl\/?s={search_term_string}"},"query-input":{"@type":"PropertyValueSpecification","valueRequired":true,"valueName":"search_term_string"}}],"inLanguage":"en-US"},{"@type":"Organization","@id":"http:\/\/vilmax.pl\/#organization","name":"Vilmax","url":"http:\/\/vilmax.pl\/","logo":{"@type":"ImageObject","inLanguage":"en-US","@id":"http:\/\/vilmax.pl\/#\/schema\/logo\/image\/","url":"http:\/\/vilmax.pl\/wp-content\/uploads\/2025\/06\/Warstwa_x0020_1.svg","contentUrl":"http:\/\/vilmax.pl\/wp-content\/uploads\/2025\/06\/Warstwa_x0020_1.svg","width":300,"height":82,"caption":"Vilmax"},"image":{"@id":"http:\/\/vilmax.pl\/#\/schema\/logo\/image\/"}}]}},"_links":{"self":[{"href":"http:\/\/vilmax.pl\/en\/wp-json\/wp\/v2\/pages\/26","targetHints":{"allow":["GET"]}}],"collection":[{"href":"http:\/\/vilmax.pl\/en\/wp-json\/wp\/v2\/pages"}],"about":[{"href":"http:\/\/vilmax.pl\/en\/wp-json\/wp\/v2\/types\/page"}],"author":[{"embeddable":true,"href":"http:\/\/vilmax.pl\/en\/wp-json\/wp\/v2\/users\/1"}],"replies":[{"embeddable":true,"href":"http:\/\/vilmax.pl\/en\/wp-json\/wp\/v2\/comments?post=26"}],"version-history":[{"count":0,"href":"http:\/\/vilmax.pl\/en\/wp-json\/wp\/v2\/pages\/26\/revisions"}],"wp:attachment":[{"href":"http:\/\/vilmax.pl\/en\/wp-json\/wp\/v2\/media?parent=26"}],"curies":[{"name":"wp","href":"https:\/\/api.w.org\/{rel}","templated":true}]}}